{"id":3591,"date":"2024-11-13T18:09:46","date_gmt":"2024-11-13T17:09:46","guid":{"rendered":"https:\/\/carnex.rs\/proizvod\/spaghete-bolognese-400g\/"},"modified":"2026-03-19T10:59:56","modified_gmt":"2026-03-19T09:59:56","slug":"spaghete-bolognese-400g","status":"publish","type":"product","link":"https:\/\/carnex.rs\/ro\/proizvod\/spaghete-bolognese-400g\/","title":{"rendered":"Spaghete bolognese 400g"},"content":{"rendered":"<\/p>\n<div class=\"table-2\">\n<table width=\"100%\">\n<thead>\n<tr>\n<th style=\"text-align: left\" align=\"left\">Valoare nutri\u021bional\u0103<br \/>\nmedie<\/th>\n<th style=\"text-align: left\" align=\"left\">la 100 g<\/th>\n<\/tr>\n<\/thead>\n<tbody>\n<tr>\n<td align=\"left\">Valoare energetic\u0103<\/td>\n<td align=\"left\">862 kJ<br \/>\n\/ 134 kcal<\/td>\n<\/tr>\n<tr>\n<td align=\"left\">Gr\u0103simi<\/td>\n<td align=\"left\">7,8 g<\/td>\n<\/tr>\n<tr>\n<td align=\"left\"> din care: acizi gra\u0219i satura\u021bi<\/td>\n<td align=\"left\">2,3 g<\/td>\n<\/tr>\n<tr>\n<td align=\"left\">Carbohidra\u021bi<\/td>\n<td align=\"left\">12 g<\/td>\n<\/tr>\n<tr>\n<td align=\"left\"> din care: zaharuri<\/td>\n<td align=\"left\">1,1 g<\/td>\n<\/tr>\n<tr>\n<td align=\"left\">Proteine<\/td>\n<td align=\"left\">4,6 g<\/td>\n<\/tr>\n<tr>\n<td align=\"left\">Sare<\/td>\n<td align=\"left\">1,1 g<\/td>\n<\/tr>\n<\/tbody>\n<\/table>\n<\/div>\n<p>\n","protected":false},"excerpt":{"rendered":"<p>Un preparat delicios care reune\u0219te aromele Italiei \u0219i este o crea\u021bie de care se bucur\u0103 cu pl\u0103cere at\u00e2t micii, c\u00e2t \u0219i marii iubitori de spaghete preparate \u00een acest mod.<\/p>\n<p>Cu delicioasele noastre preparate gata de consum, pr\u00e2nzul este gata \u00een 10 minute \u0219i masa poate \u00eencepe!<\/p>\n<p><strong>Mod de utilizare:<\/strong> \u00cendep\u0103rta\u021bi complet capacul de pe recipient \u0219i re\u00eenc\u0103lzi\u021bi preparatul \u00een cuptorul cu microunde sau \u00eenc\u0103lzi\u021bi recipientul \u00eenchis \u00een ap\u0103 fierbinte timp de 10 minute, f\u0103r\u0103 a fierbe, iar dup\u0103 aceea preparatul este gata de consum.<\/p>\n","protected":false},"featured_media":3144,"comment_status":"open","ping_status":"closed","template":"","meta":[],"product_brand":[],"product_cat":[81],"product_tag":[],"class_list":{"0":"post-3591","1":"product","2":"type-product","3":"status-publish","4":"has-post-thumbnail","6":"product_cat-mancaruri-gatite","8":"first","9":"instock","10":"shipping-taxable","11":"product-type-simple"},"_links":{"self":[{"href":"https:\/\/carnex.rs\/ro\/wp-json\/wp\/v2\/product\/3591","targetHints":{"allow":["GET"]}}],"collection":[{"href":"https:\/\/carnex.rs\/ro\/wp-json\/wp\/v2\/product"}],"about":[{"href":"https:\/\/carnex.rs\/ro\/wp-json\/wp\/v2\/types\/product"}],"replies":[{"embeddable":true,"href":"https:\/\/carnex.rs\/ro\/wp-json\/wp\/v2\/comments?post=3591"}],"wp:featuredmedia":[{"embeddable":true,"href":"https:\/\/carnex.rs\/ro\/wp-json\/wp\/v2\/media\/3144"}],"wp:attachment":[{"href":"https:\/\/carnex.rs\/ro\/wp-json\/wp\/v2\/media?parent=3591"}],"wp:term":[{"taxonomy":"product_brand","embeddable":true,"href":"https:\/\/carnex.rs\/ro\/wp-json\/wp\/v2\/product_brand?post=3591"},{"taxonomy":"product_cat","embeddable":true,"href":"https:\/\/carnex.rs\/ro\/wp-json\/wp\/v2\/product_cat?post=3591"},{"taxonomy":"product_tag","embeddable":true,"href":"https:\/\/carnex.rs\/ro\/wp-json\/wp\/v2\/product_tag?post=3591"}],"curies":[{"name":"wp","href":"https:\/\/api.w.org\/{rel}","templated":true}]}}