{"id":3597,"date":"2024-11-13T18:09:46","date_gmt":"2024-11-13T17:09:46","guid":{"rendered":"https:\/\/carnex.rs\/proizvod\/sarmale-de-post-400g\/"},"modified":"2026-03-19T11:18:19","modified_gmt":"2026-03-19T10:18:19","slug":"sarmale-de-post-400g","status":"publish","type":"product","link":"https:\/\/carnex.rs\/ro\/proizvod\/sarmale-de-post-400g\/","title":{"rendered":"Sarm\u0103le de post 400g"},"content":{"rendered":"<\/p>\n<div class=\"table-2\">\n<table width=\"100%\">\n<thead>\n<tr>\n<th style=\"text-align: left\" align=\"left\">Valoare nutri\u021bional\u0103<br \/>\nmedie<\/th>\n<th style=\"text-align: left\" align=\"left\">la 100 g<\/th>\n<\/tr>\n<\/thead>\n<tbody>\n<tr>\nValoare energetic\u0103 <\/p>\n<td align=\"left\">288 kJ<\/td>\n<td align=\"left\">\/ 68 kcal<\/td>\n<\/tr>\n<tr>\n<td align=\"left\">Gr\u0103simi<\/td>\n<td align=\"left\">1,6 g<\/td>\n<\/tr>\n<tr>\n<td align=\"left\">din care: gr\u0103simi saturate. acizi gra\u0219i<\/td>\n<td align=\"left\">0,4 g<\/td>\n<\/tr>\n<tr>\n<td align=\"left\">Carbohidra\u021bi<\/td>\n<td align=\"left\">10 g<\/td>\n<\/tr>\n<tr>\n<td align=\"left\">din care: zaharuri<\/td>\n<td align=\"left\">1,1 g<\/td>\n<\/tr>\n<tr>\n<td align=\"left\">Proteine<\/td>\n<td align=\"left\">2,9 g<\/td>\n<\/tr>\n<tr>\n<td align=\"left\">Sare<\/td>\n<td align=\"left\">1,3 g<\/td>\n<\/tr>\n<\/tbody>\n<\/table>\n<\/div>\n<p>\n","protected":false},"excerpt":{"rendered":"<p>\u00cendoirea unei sarmalei este o adev\u0103rat\u0103 me\u0219te\u0219ug\u0103rie, dar prepararea unei sarmale de post bune este o art\u0103, mai ales dac\u0103 o po\u021bi face \u00een 10 minute. \u00cencearc\u0103 sarmale de post Carnex \u0219i bucur\u0103-te de aceast\u0103 specialitate faimoas\u0103 pe tot parcursul anului.<\/p>\n<p><strong>Mod de utilizare: <\/strong>\u00cendep\u0103rteaz\u0103 complet capacul de pe recipient \u0219i \u00eenc\u0103lze\u0219te preparatul \u00een cuptorul cu microunde sau \u00eenc\u0103lze\u0219te recipientul \u00eenchis \u00een ap\u0103 fierbinte timp de 10 minute, f\u0103r\u0103 a fierbe, dup\u0103 care preparatul este gata de utilizare.<\/p>\n<p><em><strong>DE POST<\/strong><\/em><\/p>\n","protected":false},"featured_media":3148,"comment_status":"open","ping_status":"closed","template":"","meta":[],"product_brand":[],"product_cat":[81],"product_tag":[],"class_list":{"0":"post-3597","1":"product","2":"type-product","3":"status-publish","4":"has-post-thumbnail","6":"product_cat-mancaruri-gatite","8":"first","9":"instock","10":"shipping-taxable","11":"product-type-simple"},"_links":{"self":[{"href":"https:\/\/carnex.rs\/ro\/wp-json\/wp\/v2\/product\/3597","targetHints":{"allow":["GET"]}}],"collection":[{"href":"https:\/\/carnex.rs\/ro\/wp-json\/wp\/v2\/product"}],"about":[{"href":"https:\/\/carnex.rs\/ro\/wp-json\/wp\/v2\/types\/product"}],"replies":[{"embeddable":true,"href":"https:\/\/carnex.rs\/ro\/wp-json\/wp\/v2\/comments?post=3597"}],"wp:featuredmedia":[{"embeddable":true,"href":"https:\/\/carnex.rs\/ro\/wp-json\/wp\/v2\/media\/3148"}],"wp:attachment":[{"href":"https:\/\/carnex.rs\/ro\/wp-json\/wp\/v2\/media?parent=3597"}],"wp:term":[{"taxonomy":"product_brand","embeddable":true,"href":"https:\/\/carnex.rs\/ro\/wp-json\/wp\/v2\/product_brand?post=3597"},{"taxonomy":"product_cat","embeddable":true,"href":"https:\/\/carnex.rs\/ro\/wp-json\/wp\/v2\/product_cat?post=3597"},{"taxonomy":"product_tag","embeddable":true,"href":"https:\/\/carnex.rs\/ro\/wp-json\/wp\/v2\/product_tag?post=3597"}],"curies":[{"name":"wp","href":"https:\/\/api.w.org\/{rel}","templated":true}]}}