{"id":3606,"date":"2024-11-13T18:09:51","date_gmt":"2024-11-13T17:09:51","guid":{"rendered":"https:\/\/carnex.rs\/proizvod\/fasole-cu-carnati-picanti-400-g\/"},"modified":"2026-03-19T11:34:48","modified_gmt":"2026-03-19T10:34:48","slug":"fasole-cu-carnati-picanti-400-g","status":"publish","type":"product","link":"https:\/\/carnex.rs\/ro\/proizvod\/fasole-cu-carnati-picanti-400-g\/","title":{"rendered":"Fasole cu c\u00e2rna\u021bi pican\u021bi 400 g"},"content":{"rendered":"<\/p>\n<div class=\"table-2\">\n<table width=\"100%\">\n<thead>\n<tr>\n<th style=\"text-align: left\" align=\"left\">Valoare nutri\u021bional\u0103<br \/>\nmedie<\/th>\n<th style=\"text-align: left\" align=\"left\">la 100 g<\/th>\n<\/tr>\n<\/thead>\n<tbody>\n<tr>\n<td align=\"left\">Valoare energetic\u0103<\/td>\n<td align=\"left\">647 kJ<br \/>\n\/ 155 kcal<\/td>\n<\/tr>\n<tr>\n<td align=\"left\">Gr\u0103simi<\/td>\n<td align=\"left\">11 g<\/td>\n<\/tr>\n<tr>\n<td align=\"left\"> din care: acizi gra\u0219i satura\u021bi<\/td>\n<td align=\"left\">3,6 g<\/td>\n<\/tr>\n<tr>\n<td align=\"left\">Glucide<\/td>\n<td align=\"left\">8,8 g<\/td>\n<\/tr>\n<tr>\n<td align=\"left\"> din care: zaharuri<\/td>\n<td align=\"left\">1,6 g<\/td>\n<\/tr>\n<tr>\n<td align=\"left\">Proteine<\/td>\n<td align=\"left\">5,3 g<\/td>\n<\/tr>\n<tr>\n<td align=\"left\">Sare<\/td>\n<td align=\"left\">1,5 g<\/td>\n<\/tr>\n<\/tbody>\n<\/table>\n<\/div>\n<p>\n","protected":false},"excerpt":{"rendered":"<p><strong>Mod de utilizare:<\/strong> \u00cendep\u0103rta\u021bi complet capacul recipientului \u0219i \u00eenc\u0103lzi\u021bi preparatul \u00een cuptorul cu microunde sau \u00eenc\u0103lzi\u021bi recipientul \u00eenchis \u00een ap\u0103 fierbinte timp de 10 min. f\u0103r\u0103 fierbere, dup\u0103 care preparatul este gata de consum<\/p>\n","protected":false},"featured_media":3155,"comment_status":"open","ping_status":"closed","template":"","meta":[],"product_brand":[],"product_cat":[81],"product_tag":[],"class_list":{"0":"post-3606","1":"product","2":"type-product","3":"status-publish","4":"has-post-thumbnail","6":"product_cat-mancaruri-gatite","8":"first","9":"instock","10":"shipping-taxable","11":"product-type-simple"},"_links":{"self":[{"href":"https:\/\/carnex.rs\/ro\/wp-json\/wp\/v2\/product\/3606","targetHints":{"allow":["GET"]}}],"collection":[{"href":"https:\/\/carnex.rs\/ro\/wp-json\/wp\/v2\/product"}],"about":[{"href":"https:\/\/carnex.rs\/ro\/wp-json\/wp\/v2\/types\/product"}],"replies":[{"embeddable":true,"href":"https:\/\/carnex.rs\/ro\/wp-json\/wp\/v2\/comments?post=3606"}],"wp:featuredmedia":[{"embeddable":true,"href":"https:\/\/carnex.rs\/ro\/wp-json\/wp\/v2\/media\/3155"}],"wp:attachment":[{"href":"https:\/\/carnex.rs\/ro\/wp-json\/wp\/v2\/media?parent=3606"}],"wp:term":[{"taxonomy":"product_brand","embeddable":true,"href":"https:\/\/carnex.rs\/ro\/wp-json\/wp\/v2\/product_brand?post=3606"},{"taxonomy":"product_cat","embeddable":true,"href":"https:\/\/carnex.rs\/ro\/wp-json\/wp\/v2\/product_cat?post=3606"},{"taxonomy":"product_tag","embeddable":true,"href":"https:\/\/carnex.rs\/ro\/wp-json\/wp\/v2\/product_tag?post=3606"}],"curies":[{"name":"wp","href":"https:\/\/api.w.org\/{rel}","templated":true}]}}