{"id":3610,"date":"2024-11-13T18:09:49","date_gmt":"2024-11-13T17:09:49","guid":{"rendered":"https:\/\/carnex.rs\/proizvod\/fasole-cu-carnati-400g\/"},"modified":"2026-03-19T11:37:57","modified_gmt":"2026-03-19T10:37:57","slug":"fasole-cu-carnati-400g","status":"publish","type":"product","link":"https:\/\/carnex.rs\/ro\/proizvod\/fasole-cu-carnati-400g\/","title":{"rendered":"Fasole cu c\u00e2rna\u021bi 400g"},"content":{"rendered":"<\/p>\n<div class=\"table-2\">\n<table width=\"100%\">\n<thead>\n<tr>\n<th style=\"text-align: left\" align=\"left\">Valoare nutri\u021bional\u0103<br \/>\nmedie<\/th>\n<th style=\"text-align: left\" align=\"left\">la 100 g<\/th>\n<\/tr>\n<\/thead>\n<tbody>\n<tr>\n<td align=\"left\">Valoare energetic\u0103<\/td>\n<td align=\"left\">578 kJ<br \/>\n\/ 138 kcal<\/td>\n<\/tr>\n<tr>\n<td align=\"left\">Gr\u0103simi <\/td>\n<td align=\"left\">7,1 g<\/td>\n<\/tr>\n<tr>\n<td align=\"left\">din care: gr\u0103simi saturate acizi gra\u0219i<\/td>\n<td align=\"left\">2,2 g<\/td>\n<\/tr>\n<tr>\n<td align=\"left\">Carbohidra\u021bi <\/td>\n<td align=\"left\">12 g<\/td>\n<\/tr>\n<tr>\n<td align=\"left\">din care: zaharuri <\/td>\n<td align=\"left\">0,2 g<\/td>\n<\/tr>\n<tr>\n<td align=\"left\">Proteine <\/td>\n<td align=\"left\">6,9 g<\/td>\n<\/tr>\n<tr>\n<td align=\"left\">Sare<\/td>\n<td align=\"left\">1,3 g<\/td>\n<\/tr>\n<\/tbody>\n<\/table>\n<\/div>\n<p>\n","protected":false},"excerpt":{"rendered":"<p>O multitudine de arome autohtone bine-cunoscute, preparate conform unei re\u021bete tradi\u021bionale autohtone, combin\u0103 c\u00e2rna\u021bii delicatese cu fasole \u00eentr-un sos fin aromat.<\/p>\n<p>Cu delicioasele noastre mese gata preparate, pr\u00e2nzul este gata \u00een 10 minute \u0219i masa poate \u00eencepe!<\/p>\n<p>Mod de utilizare: \u00cendep\u0103rta\u021bi complet capacul de pe recipient \u0219i \u00eenc\u0103lzi\u021bi preparatul \u00een cuptorul cu microunde sau \u00eenc\u0103lzi\u021bi recipientul \u00eenchis \u00een ap\u0103 fierbinte timp de 10 minute f\u0103r\u0103 a fierbe, dup\u0103 care preparatul este gata de utilizare.<\/p>\n","protected":false},"featured_media":3158,"comment_status":"open","ping_status":"closed","template":"","meta":[],"product_brand":[],"product_cat":[81],"product_tag":[],"class_list":{"0":"post-3610","1":"product","2":"type-product","3":"status-publish","4":"has-post-thumbnail","6":"product_cat-mancaruri-gatite","8":"first","9":"instock","10":"shipping-taxable","11":"product-type-simple"},"_links":{"self":[{"href":"https:\/\/carnex.rs\/ro\/wp-json\/wp\/v2\/product\/3610","targetHints":{"allow":["GET"]}}],"collection":[{"href":"https:\/\/carnex.rs\/ro\/wp-json\/wp\/v2\/product"}],"about":[{"href":"https:\/\/carnex.rs\/ro\/wp-json\/wp\/v2\/types\/product"}],"replies":[{"embeddable":true,"href":"https:\/\/carnex.rs\/ro\/wp-json\/wp\/v2\/comments?post=3610"}],"wp:featuredmedia":[{"embeddable":true,"href":"https:\/\/carnex.rs\/ro\/wp-json\/wp\/v2\/media\/3158"}],"wp:attachment":[{"href":"https:\/\/carnex.rs\/ro\/wp-json\/wp\/v2\/media?parent=3610"}],"wp:term":[{"taxonomy":"product_brand","embeddable":true,"href":"https:\/\/carnex.rs\/ro\/wp-json\/wp\/v2\/product_brand?post=3610"},{"taxonomy":"product_cat","embeddable":true,"href":"https:\/\/carnex.rs\/ro\/wp-json\/wp\/v2\/product_cat?post=3610"},{"taxonomy":"product_tag","embeddable":true,"href":"https:\/\/carnex.rs\/ro\/wp-json\/wp\/v2\/product_tag?post=3610"}],"curies":[{"name":"wp","href":"https:\/\/api.w.org\/{rel}","templated":true}]}}