{"id":3613,"date":"2024-11-13T18:09:49","date_gmt":"2024-11-13T17:09:49","guid":{"rendered":"https:\/\/carnex.rs\/proizvod\/fasole-cu-plescavita-400g\/"},"modified":"2026-03-19T11:46:08","modified_gmt":"2026-03-19T10:46:08","slug":"fasole-cu-plescavita-400g","status":"publish","type":"product","link":"https:\/\/carnex.rs\/ro\/proizvod\/fasole-cu-plescavita-400g\/","title":{"rendered":"Fasole cu plescavita 400g"},"content":{"rendered":"<\/p>\n<div class=\"table-2\">\n<table width=\"100%\">\n<thead>\n<tr>\n<th style=\"text-align: left\" align=\"left\">Valoare nutri\u021bional\u0103<br \/>\nmedie<\/th>\n<th style=\"text-align: left\" align=\"left\">la 100 g<\/th>\n<\/tr>\n<\/thead>\n<tbody>\n<tr>\n<td align=\"left\">Valoare energetic\u0103<\/td>\n<td align=\"left\">563 kJ<br \/>\n\/ 135 kcal<\/td>\n<\/tr>\n<tr>\n<td align=\"left\">Gr\u0103simi<\/td>\n<td align=\"left\">7,3 g<\/td>\n<\/tr>\n<tr>\n<td align=\"left\">din care: gr\u0103simi saturate. acizi gra\u0219i 2,4 g<\/td>\n<td align=\"left\">2,4 g<\/td>\n<\/tr>\n<tr>\n<td align=\"left\">Carbohidra\u021bi <\/td>\n<td align=\"left\">11 g<\/td>\n<\/tr>\n<tr>\n<td align=\"left\">din care: zaharuri<\/td>\n<td align=\"left\">0,7 g<\/td>\n<\/tr>\n<tr>\n<td align=\"left\">Proteine <\/td>\n<td align=\"left\">5,8 g<\/td>\n<\/tr>\n<tr>\n<td align=\"left\">Sare <\/td>\n<td align=\"left\">1,3 g<\/td>\n<\/tr>\n<\/tbody>\n<\/table>\n<\/div>\n<p>\n","protected":false},"excerpt":{"rendered":"<p>Un preparat preferat \u00een toate buc\u0103t\u0103riile lumii, fasolea este extrem de recunosc\u0103toare pentru combina\u021biile excelente. Preparatul nostru gata preparat este o combina\u021bie de plescavita \u0219i fasole \u00eentr-un sos delicios.<\/p>\n<p>Cu preparatele noastre delicioase, pr\u00e2nzul este gata \u00een 10 minute \u0219i masa poate \u00eencepe!<\/p>\n<p><strong>Mod de utilizare:<\/strong> \u00cendep\u0103rta\u021bi complet capacul de pe recipient \u0219i \u00eenc\u0103lzi\u021bi preparatul \u00een cuptorul cu microunde sau \u00eenc\u0103lzi\u021bi recipientul \u00eenchis \u00een ap\u0103 fierbinte timp de 10 minute, f\u0103r\u0103 a fierbe, dup\u0103 care preparatul este gata de utilizare.<\/p>\n","protected":false},"featured_media":3161,"comment_status":"open","ping_status":"closed","template":"","meta":[],"product_brand":[],"product_cat":[81],"product_tag":[],"class_list":{"0":"post-3613","1":"product","2":"type-product","3":"status-publish","4":"has-post-thumbnail","6":"product_cat-mancaruri-gatite","8":"first","9":"instock","10":"shipping-taxable","11":"product-type-simple"},"_links":{"self":[{"href":"https:\/\/carnex.rs\/ro\/wp-json\/wp\/v2\/product\/3613","targetHints":{"allow":["GET"]}}],"collection":[{"href":"https:\/\/carnex.rs\/ro\/wp-json\/wp\/v2\/product"}],"about":[{"href":"https:\/\/carnex.rs\/ro\/wp-json\/wp\/v2\/types\/product"}],"replies":[{"embeddable":true,"href":"https:\/\/carnex.rs\/ro\/wp-json\/wp\/v2\/comments?post=3613"}],"wp:featuredmedia":[{"embeddable":true,"href":"https:\/\/carnex.rs\/ro\/wp-json\/wp\/v2\/media\/3161"}],"wp:attachment":[{"href":"https:\/\/carnex.rs\/ro\/wp-json\/wp\/v2\/media?parent=3613"}],"wp:term":[{"taxonomy":"product_brand","embeddable":true,"href":"https:\/\/carnex.rs\/ro\/wp-json\/wp\/v2\/product_brand?post=3613"},{"taxonomy":"product_cat","embeddable":true,"href":"https:\/\/carnex.rs\/ro\/wp-json\/wp\/v2\/product_cat?post=3613"},{"taxonomy":"product_tag","embeddable":true,"href":"https:\/\/carnex.rs\/ro\/wp-json\/wp\/v2\/product_tag?post=3613"}],"curies":[{"name":"wp","href":"https:\/\/api.w.org\/{rel}","templated":true}]}}