{"id":3616,"date":"2024-11-13T18:09:47","date_gmt":"2024-11-13T17:09:47","guid":{"rendered":"https:\/\/carnex.rs\/proizvod\/fasole-cu-carne-afumata-400g\/"},"modified":"2026-03-19T11:50:34","modified_gmt":"2026-03-19T10:50:34","slug":"fasole-cu-carne-afumata-400g","status":"publish","type":"product","link":"https:\/\/carnex.rs\/ro\/proizvod\/fasole-cu-carne-afumata-400g\/","title":{"rendered":"Fasole cu carne afumat\u0103 400g"},"content":{"rendered":"<\/p>\n<div class=\"table-2\">\n<table width=\"100%\">\n<thead>\n<tr>\n<th style=\"text-align: left\" align=\"left\">Valoare nutri\u021bional\u0103<br \/>\nmedie<\/th>\n<th style=\"text-align: left\" align=\"left\">la 100 g<\/th>\n<\/tr>\n<\/thead>\n<tbody>\n<tr>\n<td align=\"left\">Valoare energetic\u0103<\/td>\n<td align=\"left\">401 kJ<br \/>\n\/ 96 kcal<\/td>\n<\/tr>\n<tr>\n<td align=\"left\">Gr\u0103simi <\/td>\n<td align=\"left\">3,2 g<\/td>\n<\/tr>\n<tr>\n<td align=\"left\">din care: acizi gra\u0219i satura\u021bi <\/td>\n<td align=\"left\">1,1 g<\/td>\n<\/tr>\n<tr>\n<td align=\"left\">Carbohidra\u021bi <\/td>\n<td align=\"left\">5,2 g<\/td>\n<\/tr>\n<tr>\n<td align=\"left\">din care: zaharuri<\/td>\n<td align=\"left\">0,9 g<\/td>\n<\/tr>\n<tr>\n<td align=\"left\">Proteine<\/td>\n<td align=\"left\">9,3 g<\/td>\n<\/tr>\n<tr>\n<td align=\"left\">Sare<\/td>\n<td align=\"left\">1,0 g<\/td>\n<\/tr>\n<\/tbody>\n<\/table>\n<\/div>\n<p>\n","protected":false},"excerpt":{"rendered":"<p><strong>Mod de utilizare<\/strong>: \u00cendep\u0103rta\u021bi complet capacul de pe recipient \u0219i \u00eenc\u0103lzi\u021bi preparatul \u00een cuptorul cu microunde sau \u00eenc\u0103lzi\u021bi recipientul \u00eenchis \u00een ap\u0103 fierbinte timp de 10 minute, f\u0103r\u0103 a fierbe, dup\u0103 care preparatul este gata de utilizare.<\/p>\n","protected":false},"featured_media":3165,"comment_status":"open","ping_status":"closed","template":"","meta":[],"product_brand":[],"product_cat":[81],"product_tag":[],"class_list":{"0":"post-3616","1":"product","2":"type-product","3":"status-publish","4":"has-post-thumbnail","6":"product_cat-mancaruri-gatite","8":"first","9":"instock","10":"shipping-taxable","11":"product-type-simple"},"_links":{"self":[{"href":"https:\/\/carnex.rs\/ro\/wp-json\/wp\/v2\/product\/3616","targetHints":{"allow":["GET"]}}],"collection":[{"href":"https:\/\/carnex.rs\/ro\/wp-json\/wp\/v2\/product"}],"about":[{"href":"https:\/\/carnex.rs\/ro\/wp-json\/wp\/v2\/types\/product"}],"replies":[{"embeddable":true,"href":"https:\/\/carnex.rs\/ro\/wp-json\/wp\/v2\/comments?post=3616"}],"wp:featuredmedia":[{"embeddable":true,"href":"https:\/\/carnex.rs\/ro\/wp-json\/wp\/v2\/media\/3165"}],"wp:attachment":[{"href":"https:\/\/carnex.rs\/ro\/wp-json\/wp\/v2\/media?parent=3616"}],"wp:term":[{"taxonomy":"product_brand","embeddable":true,"href":"https:\/\/carnex.rs\/ro\/wp-json\/wp\/v2\/product_brand?post=3616"},{"taxonomy":"product_cat","embeddable":true,"href":"https:\/\/carnex.rs\/ro\/wp-json\/wp\/v2\/product_cat?post=3616"},{"taxonomy":"product_tag","embeddable":true,"href":"https:\/\/carnex.rs\/ro\/wp-json\/wp\/v2\/product_tag?post=3616"}],"curies":[{"name":"wp","href":"https:\/\/api.w.org\/{rel}","templated":true}]}}