{"id":3628,"date":"2024-11-13T18:09:49","date_gmt":"2024-11-13T17:09:49","guid":{"rendered":"https:\/\/carnex.rs\/proizvod\/sarmale-de-casa-400g\/"},"modified":"2026-03-19T12:13:39","modified_gmt":"2026-03-19T11:13:39","slug":"sarmale-de-casa-400g","status":"publish","type":"product","link":"https:\/\/carnex.rs\/ro\/proizvod\/sarmale-de-casa-400g\/","title":{"rendered":"Sarmale de cas\u0103 400g"},"content":{"rendered":"<\/p>\n<div class=\"table-2\">\n<table width=\"100%\">\n<thead>\n<tr>\n<th style=\"text-align: left\" align=\"left\">Valoare nutri\u021bional\u0103<br \/>\nmedie<\/th>\n<th style=\"text-align: left\" align=\"left\">la 100 g<\/th>\n<\/tr>\n<\/thead>\n<tbody>\n<tr>\n<td align=\"left\">Valoare energetic\u0103 <\/td>\n<td align=\"left\">460 kJ<br \/>\n\/ 111 kcal<\/td>\n<\/tr>\n<tr>\n<td align=\"left\">Gr\u0103simi<\/td>\n<td align=\"left\">7,8 g<\/td>\n<\/tr>\n<tr>\n<td align=\"left\">din care: acizi gra\u0219i satura\u021bi<\/td>\n<td align=\"left\">2,0 g<\/td>\n<\/tr>\n<tr>\n<td align=\"left\">Carbohidra\u021bi <\/td>\n<td align=\"left\">6,0 g<\/td>\n<\/tr>\n<tr>\n<td align=\"left\">din care: zaharuri <\/td>\n<td align=\"left\">0,6 g<\/td>\n<\/tr>\n<tr>\n<td align=\"left\">Proteine <\/td>\n<td align=\"left\">4,1 g<\/td>\n<\/tr>\n<tr>\n<td align=\"left\">Sare <\/td>\n<td align=\"left\">1,4 g<\/td>\n<\/tr>\n<\/tbody>\n<\/table>\n<\/div>\n<p>\n","protected":false},"excerpt":{"rendered":"<p>Regina suculent\u0103 a meselor somptuoase, \u00eensu\u0219it\u0103 \u00een buc\u0103t\u0103riile din \u00eentreaga lume. A altcuiva \u0219i a noastr\u0103. Sarmale Carnex de cas\u0103 va transforma chiar \u0219i cel mai obi\u0219nuit pr\u00e2nz \u00eentr-un adev\u0103rat festin.<\/p>\n<p>\u0218i mai mult &#8211; nu trebuie s\u0103 petrece\u021bi ore \u00eentregi g\u0103tind, dar v\u0103 pute\u021bi r\u0103sf\u0103\u021ba cu aromele incredibile con\u021binute \u00een combina\u021bia perfect\u0103 de varz\u0103, carne \u0219i orez dup\u0103 doar zece minute.<\/p>\n<p><strong>Mod de utilizare: <\/strong>\u00cendep\u0103rta\u021bi complet capacul de pe recipient \u0219i \u00eenc\u0103lzi\u021bi preparatul \u00een cuptorul cu microunde sau \u00eenc\u0103lzi\u021bi recipientul \u00eenchis \u00een ap\u0103 fierbinte timp de 10 minute f\u0103r\u0103 a fierbe, iar dup\u0103 aceea preparatul este gata de utilizare.<\/p>\n","protected":false},"featured_media":3147,"comment_status":"open","ping_status":"closed","template":"","meta":[],"product_brand":[],"product_cat":[81],"product_tag":[],"class_list":{"0":"post-3628","1":"product","2":"type-product","3":"status-publish","4":"has-post-thumbnail","6":"product_cat-mancaruri-gatite","8":"first","9":"instock","10":"shipping-taxable","11":"product-type-simple"},"_links":{"self":[{"href":"https:\/\/carnex.rs\/ro\/wp-json\/wp\/v2\/product\/3628","targetHints":{"allow":["GET"]}}],"collection":[{"href":"https:\/\/carnex.rs\/ro\/wp-json\/wp\/v2\/product"}],"about":[{"href":"https:\/\/carnex.rs\/ro\/wp-json\/wp\/v2\/types\/product"}],"replies":[{"embeddable":true,"href":"https:\/\/carnex.rs\/ro\/wp-json\/wp\/v2\/comments?post=3628"}],"wp:featuredmedia":[{"embeddable":true,"href":"https:\/\/carnex.rs\/ro\/wp-json\/wp\/v2\/media\/3147"}],"wp:attachment":[{"href":"https:\/\/carnex.rs\/ro\/wp-json\/wp\/v2\/media?parent=3628"}],"wp:term":[{"taxonomy":"product_brand","embeddable":true,"href":"https:\/\/carnex.rs\/ro\/wp-json\/wp\/v2\/product_brand?post=3628"},{"taxonomy":"product_cat","embeddable":true,"href":"https:\/\/carnex.rs\/ro\/wp-json\/wp\/v2\/product_cat?post=3628"},{"taxonomy":"product_tag","embeddable":true,"href":"https:\/\/carnex.rs\/ro\/wp-json\/wp\/v2\/product_tag?post=3628"}],"curies":[{"name":"wp","href":"https:\/\/api.w.org\/{rel}","templated":true}]}}